{"id":112,"date":"2025-09-07T15:39:19","date_gmt":"2025-09-07T15:39:19","guid":{"rendered":"https:\/\/litag.de\/wordpress\/?page_id=112"},"modified":"2026-03-17T10:39:10","modified_gmt":"2026-03-17T10:39:10","slug":"autorinnen","status":"publish","type":"page","link":"https:\/\/litag.de\/?page_id=112","title":{"rendered":"AutorInnen"},"content":{"rendered":"\n<div class=\"wp-block-columns is-layout-flex wp-container-core-columns-is-layout-9d6595d7 wp-block-columns-is-layout-flex\">\n<div class=\"wp-block-column is-layout-flow wp-block-column-is-layout-flow\">\n<dl>\n<dt><\/dt>\n<\/dl>\n<dl>\n<dt>\n<h3>B<\/h3>\n<\/dt>\n<dd class=\"KJB\"><a href=\"https:\/\/litag.de\/?p=250\">Martin Beyer<\/a><\/dd>\n<dd class=\"KJB\"><a href=\"https:\/\/litag.de\/?p=263\">Christian Bieniek<\/a><\/dd>\n<\/dl>\n<dl>\n<dt>\n<h3>C<\/h3>\n<\/dt>\n<dd class=\"KJB\"><a href=\"https:\/\/litag.de\/?p=270\">Marion Charles<\/a><\/dd>\n<\/dl>\n<dl>\n<dt>\n<h3>D<\/h3>\n<\/dt>\n<dd class=\"KJB\"><a href=\"https:\/\/litag.de\/?p=275\">Yasmin Dreyer<\/a><\/dd>\n<\/dl>\n<dl>\n<dt>\n<h3>E<\/h3>\n<\/dt>\n<dd class=\"KJB\"><a href=\"https:\/\/litag.de\/?p=284\">Tobias Els\u00e4\u00dfer<\/a><\/dd>\n<dd class=\"BEL\"><a href=\"https:\/\/litag.de\/?p=292\">Susanna Ernst<\/a><\/dd>\n<\/dl>\n<dl>\n<dt>\n<h3>F<\/h3>\n<\/dt>\n<dd class=\"KJB\"><a href=\"https:\/\/litag.de\/?p=296\">Willi F\u00e4hrmann<\/a><\/dd>\n<dd class=\"KJB\"><a href=\"https:\/\/litag.de\/?p=321\">Claudia Frieser<\/a><\/dd>\n<\/dl>\n<dl>\n<dt>\n<h3>H<\/h3>\n<\/dt>\n<dd class=\"BEL\"><a href=\"https:\/\/litag.de\/?p=330\">Brigitta Heinrich<\/a><\/dd>\n<dd class=\"KJB\"><a href=\"https:\/\/litag.de\/?p=335\">Teresa Hochmuth<\/a><\/dd>\n<dd class=\"KJB\"><a href=\"https:\/\/litag.de\/?p=343\">Marc Hotz<\/a><\/dd>\n<\/dl>\n<dl>\n<dt>\n<h3>J<\/h3>\n<\/dt>\n<dd class=\"BEL\"><a href=\"https:\/\/litag.de\/?p=348\">Elisa Jakob<\/a><\/dd>\n<dd class=\"KJB\"><a href=\"https:\/\/litag.de\/?p=352\">Mounia Jayawanth<\/a><\/dd>\n<\/dl>\n<dl>\n<dt>\n<h3>K<\/h3>\n<\/dt>\n<dd class=\"BEL\"><a href=\"https:\/\/litag.de\/?p=355\">Juliane K\u00e4ppler<\/a><\/dd>\n<dd class=\"KJB\"><a href=\"https:\/\/litag.de\/?p=370\">Lotte Kinskofer<\/a><\/dd>\n<dd class=\"KJB\"><a href=\"https:\/\/litag.de\/?p=373\">Vera Kissel<\/a><\/dd>\n<dd class=\"KJB\"><a href=\"https:\/\/litag.de\/?p=377\">Barbara K\u00f6nig<\/a><\/dd>\n<\/dl>\n<dl>\n<dt>\n<h3>L<\/h3>\n<\/dt>\n<dd class=\"BEL\"><a href=\"https:\/\/litag.de\/?p=384\">Sabine Leipert<\/a><\/dd>\n<dd class=\"BEL\"><a href=\"https:\/\/litag.de\/?p=388\">Hanna Linzee<\/a><\/dd>\n<\/dl>\n<dl>\n<dt><\/dt>\n<\/dl>\n<\/div>\n\n\n\n<div class=\"wp-block-column is-layout-flow wp-block-column-is-layout-flow\">\n<dl>\n<dt>\n<h3>M<\/h3>\n<\/dt>\n<dd class=\"BEL\"><a href=\"https:\/\/litag.de\/?p=401\">Robert C. Marley<\/a><\/dd>\n<dd class=\"BEL\"><a href=\"https:\/\/litag.de\/?p=408\">Barbara Mettbach<\/a><\/dd>\n<\/dl>\n<dl>\n<dt>\n<h3>N<\/h3>\n<\/dt>\n<dd class=\"BEL\"><a href=\"https:\/\/litag.de\/?p=417\">Sabine Neuffer<\/a><\/dd>\n<dd class=\"BEL\"><a href=\"https:\/\/litag.de\/?p=430\">Simone Neumann<\/a><\/dd>\n<\/dl>\n<dl>\n<dt>\n<h3>O<\/h3>\n<\/dt>\n<dd class=\"KJB\"><a href=\"https:\/\/litag.de\/?p=434\">Annalena Oeffner Ferreira<\/a><\/dd>\n<dd class=\"BEL\"><a href=\"https:\/\/litag.de\/?p=440\">Karl Olsberg<\/a><\/dd>\n<\/dl>\n<dl>\n<dt>\n<h3><strong>P<\/strong><\/h3>\n<\/dt>\n<dd class=\"BEL\"><a href=\"https:\/\/litag.de\/?p=444\">Thomas Paul<\/a><\/dd>\n<dd class=\"KJB\"><a href=\"https:\/\/litag.de\/?p=464\">Sandra P\u00f6chleitner<\/a><\/dd>\n<\/dl>\n<dl>\n<dt>\n<h3>R<\/h3>\n<\/dt>\n<dd class=\"KJB\"><a href=\"https:\/\/litag.de\/?p=471\">Sarah Raich<\/a><\/dd>\n<dd class=\"KJB\"><a href=\"https:\/\/litag.de\/?p=475\">Verena Reinhardt<\/a><\/dd>\n<dd class=\"KJB\"><a href=\"https:\/\/litag.de\/?p=480\">Kathrin Rohmann<\/a><\/dd>\n<dd><a href=\"https:\/\/litag.de\/?p=622\">Stephanie Runge<\/a><\/dd>\n<\/dl>\n<dl>\n<dt>\n<h3>S<\/h3>\n<\/dt>\n<dd class=\"KJB\"><a href=\"https:\/\/litag.de\/?p=486\">Barbara Schinko<\/a><\/dd>\n<dd class=\"KJB\"><a href=\"https:\/\/litag.de\/?p=491\">Silke Schlichtmann<\/a><\/dd>\n<dd class=\"KJB\"><a href=\"https:\/\/litag.de\/?p=496\">Thomas Schmid<\/a><\/dd>\n<dd class=\"KJB\"><a href=\"https:\/\/litag.de\/?p=504\">Patrycja Spychalski<\/a><\/dd>\n<dd class=\"KJB\"><a href=\"https:\/\/litag.de\/?p=508\">Annett St\u00fctze<\/a><\/dd>\n<\/dl>\n<dl>\n<dt>\n<h3>T<\/h3>\n<\/dt>\n<dd class=\"KJB\"><a href=\"https:\/\/litag.de\/?p=512\">Christine Thomas<\/a><\/dd>\n<\/dl>\n<dl>\n<dt>\n<h3>U<\/h3>\n<\/dt>\n<dd class=\"KJB\"><a href=\"https:\/\/litag.de\/?p=519\">Nora Umlauf<\/a><\/dd>\n<\/dl>\n<dl>\n<dt>\n<h3>V<\/h3>\n<\/dt>\n<dd class=\"KJB\"><a href=\"https:\/\/litag.de\/?p=523\">Michaela Veit-Wailzer<\/a><\/dd>\n<dd class=\"KJB\"><a href=\"https:\/\/litag.de\/?p=508\">Britta Vorbach<\/a><\/dd>\n<\/dl>\n<dl>\n<dt>\n<h3>W<\/h3>\n<\/dt>\n<dd class=\"KJB\"><a href=\"https:\/\/litag.de\/?p=528\">Andrea W\u00f6ber<\/a><\/dd>\n<dd class=\"KJB\"><a href=\"https:\/\/litag.de\/?p=532\">Ann-Kathrin Wolf<\/a><\/dd>\n<\/dl>\n<\/div>\n<\/div>\n\n\n\n<figure class=\"wp-block-image size-large\"><img loading=\"lazy\" decoding=\"async\" width=\"1024\" height=\"256\" src=\"https:\/\/litag.de\/wp-content\/uploads\/2025\/09\/bg-impressum-1024x256.jpg\" alt=\"\" class=\"wp-image-17\" srcset=\"https:\/\/litag.de\/wp-content\/uploads\/2025\/09\/bg-impressum-1024x256.jpg 1024w, https:\/\/litag.de\/wp-content\/uploads\/2025\/09\/bg-impressum-300x75.jpg 300w, https:\/\/litag.de\/wp-content\/uploads\/2025\/09\/bg-impressum-768x192.jpg 768w, https:\/\/litag.de\/wp-content\/uploads\/2025\/09\/bg-impressum.jpg 1280w\" sizes=\"auto, (max-width: 1024px) 100vw, 1024px\" \/><\/figure>\n","protected":false},"excerpt":{"rendered":"<p>B Martin Beyer Christian Bieniek C Marion Charles D Yasmin Dreyer E Tobias Els\u00e4\u00dfer Susanna Ernst F Willi F\u00e4hrmann Claudia Frieser H Brigitta Heinrich Teresa Hochmuth Marc Hotz J Elisa Jakob Mounia Jayawanth K Juliane K\u00e4ppler Lotte Kinskofer Vera Kissel Barbara K\u00f6nig L Sabine Leipert Hanna Linzee M Robert C. Marley Barbara Mettbach N Sabine&#8230;<\/p>\n","protected":false},"author":1,"featured_media":0,"parent":0,"menu_order":0,"comment_status":"closed","ping_status":"closed","template":"","meta":{"_kad_post_transparent":"","_kad_post_title":"","_kad_post_layout":"","_kad_post_sidebar_id":"","_kad_post_content_style":"","_kad_post_vertical_padding":"","_kad_post_feature":"","_kad_post_feature_position":"","_kad_post_header":false,"_kad_post_footer":false,"footnotes":""},"class_list":["post-112","page","type-page","status-publish","hentry"],"_links":{"self":[{"href":"https:\/\/litag.de\/index.php?rest_route=\/wp\/v2\/pages\/112","targetHints":{"allow":["GET"]}}],"collection":[{"href":"https:\/\/litag.de\/index.php?rest_route=\/wp\/v2\/pages"}],"about":[{"href":"https:\/\/litag.de\/index.php?rest_route=\/wp\/v2\/types\/page"}],"author":[{"embeddable":true,"href":"https:\/\/litag.de\/index.php?rest_route=\/wp\/v2\/users\/1"}],"replies":[{"embeddable":true,"href":"https:\/\/litag.de\/index.php?rest_route=%2Fwp%2Fv2%2Fcomments&post=112"}],"version-history":[{"count":59,"href":"https:\/\/litag.de\/index.php?rest_route=\/wp\/v2\/pages\/112\/revisions"}],"predecessor-version":[{"id":631,"href":"https:\/\/litag.de\/index.php?rest_route=\/wp\/v2\/pages\/112\/revisions\/631"}],"wp:attachment":[{"href":"https:\/\/litag.de\/index.php?rest_route=%2Fwp%2Fv2%2Fmedia&parent=112"}],"curies":[{"name":"wp","href":"https:\/\/api.w.org\/{rel}","templated":true}]}}