{"id":70,"date":"2025-09-07T14:35:12","date_gmt":"2025-09-07T14:35:12","guid":{"rendered":"https:\/\/litag.de\/wordpress\/?page_id=70"},"modified":"2025-09-19T11:03:35","modified_gmt":"2025-09-19T11:03:35","slug":"kontakt","status":"publish","type":"page","link":"https:\/\/litag.de\/?page_id=70","title":{"rendered":"Kontakt"},"content":{"rendered":"\n<div class=\"wp-block-columns is-layout-flex wp-container-core-columns-is-layout-9d6595d7 wp-block-columns-is-layout-flex\">\n<div class=\"wp-block-column is-layout-flow wp-block-column-is-layout-flow\">\n<h3 class=\"wp-block-heading\">Kontakt<\/h3>\n<p>Literarische Agentur Silke Weniger<br \/>Kistlerhofstra\u00dfe 70, Haus 5 Geb\u00e4ude 88<br \/>81379 M\u00fcnchen<\/p>\n<p>Vertrags- &amp; Honoraradresse<br \/>Literarische Agentur Silke Weniger<br \/>W\u00fcrmstra\u00dfe 13a<br \/>82166 Gr\u00e4felfing<\/p>\n<p>Tel (089) 89 89 949 \u2013 0<br \/>Fax (089) 89 89 949 \u2013 29<\/p>\n<\/div>\n\n\n\n<div class=\"wp-block-column is-layout-flow wp-block-column-is-layout-flow\">\n<p>\u00a0<\/p>\n<p>Silke Weniger \u2013 Gesch\u00e4ftsf\u00fchrung<br \/><a href=\"mailto:weniger@litag.de\">weniger (at) litag.de<\/a><\/p>\n<p>Alexandra Legath \u2013 Kinder- und Jugendbuch<br \/><a href=\"mailto:legath@litag.de\">legath (at) litag.de<\/a><\/p>\n<p>Anne K\u00e4stner \u2013 Vertr\u00e4ge, Honorare, Graphic Novels<br \/><a href=\"mailto:kaestner@litag.de\">kaestner (at) litag.de<\/a><\/p>\n<p>Carolin Bremer \u2013 Teamassistenz, Bilderbuch<br \/><a href=\"mailto:bremer@litag.de\">bremer (at) litag.de<\/a><\/p>\n<\/div>\n<\/div>\n\n\n\n<div class=\"wp-block-columns is-layout-flex wp-container-core-columns-is-layout-9d6595d7 wp-block-columns-is-layout-flex\">\n<div class=\"wp-block-column is-layout-flow wp-block-column-is-layout-flow\">\n<h3>Manuskripteinsendung<\/h3>\n<p>Vielen Dank f\u00fcr Ihr Interesse an unserer Agentur!<\/p>\n<p>Wir sch\u00e4tzen uns gl\u00fccklich, so viele produktive und kreative Autorinnen und Autoren vertreten zu d\u00fcrfen. Um deren Betreuung weiterhin mit Freude und Gewissenhaftigkeit zu gew\u00e4hrleisten, k\u00f6nnen wir 2025 nur ganz wenige neue Manuskripte pr\u00fcfen. Wir pr\u00fcfen derzeit ausschlie\u00dflich Einsendungen aus den Bereichen magisches Kinderbuch, romantisch-phantastisches Jugendbuch und New Adult. Wir pr\u00fcfen keine Bilderbuchtexte, Lyrik oder Sachb\u00fccher.<\/p>\n<p>Bitte richten Sie Ihre Anfrage an <a href=\"mailto:manuskripte@litag.de\">manuskripte (at) litag.de<\/a> und f\u00fcgen Sie ein Expos\u00e9, eine Leseprobe von 20 Seiten und eine Kurzvita bei. Bitte haben Sie Verst\u00e4ndnis, dass wir keine Eingangsbest\u00e4tigungen versenden k\u00f6nnen. Sollten wir Interesse haben, Ihr Gesamtmanuskript zu lesen, melden wir uns. Wenn Sie nach Ablauf von drei Monaten noch nichts von uns geh\u00f6rt haben, k\u00f6nnen Sie dies als Absage werten. Von Anrufen bitten wir abzusehen.<\/p>\n<p>Mit herzlichem Dank f\u00fcr Ihr Verst\u00e4ndnis!<br \/>Ihr Agenturteam<\/p>\n<\/div>\n\n\n\n<div class=\"wp-block-column is-layout-flow wp-block-column-is-layout-flow\">\n<figure class=\"wp-block-image size-full\"><img loading=\"lazy\" decoding=\"async\" width=\"300\" height=\"170\" src=\"https:\/\/litag.de\/wp-content\/uploads\/2025\/09\/literarische-agentur-weniger.jpg\" alt=\"\" class=\"wp-image-9\"\/><\/figure>\n<\/div>\n<\/div>\n\n\n\n<figure class=\"wp-block-image size-large\"><img loading=\"lazy\" decoding=\"async\" width=\"1024\" height=\"256\" src=\"https:\/\/litag.de\/wp-content\/uploads\/2025\/09\/bg-kontakt-1024x256.jpg\" alt=\"\" class=\"wp-image-14\" srcset=\"https:\/\/litag.de\/wp-content\/uploads\/2025\/09\/bg-kontakt-1024x256.jpg 1024w, https:\/\/litag.de\/wp-content\/uploads\/2025\/09\/bg-kontakt-300x75.jpg 300w, https:\/\/litag.de\/wp-content\/uploads\/2025\/09\/bg-kontakt-768x192.jpg 768w, https:\/\/litag.de\/wp-content\/uploads\/2025\/09\/bg-kontakt.jpg 1280w\" sizes=\"auto, (max-width: 1024px) 100vw, 1024px\" \/><\/figure>\n","protected":false},"excerpt":{"rendered":"<p>Kontakt Literarische Agentur Silke WenigerKistlerhofstra\u00dfe 70, Haus 5 Geb\u00e4ude 8881379 M\u00fcnchen Vertrags- &amp; HonoraradresseLiterarische Agentur Silke WenigerW\u00fcrmstra\u00dfe 13a82166 Gr\u00e4felfing Tel (089) 89 89 949 \u2013 0Fax (089) 89 89 949 \u2013 29 \u00a0 Silke Weniger \u2013 Gesch\u00e4ftsf\u00fchrungweniger (at) litag.de Alexandra Legath \u2013 Kinder- und Jugendbuchlegath (at) litag.de Anne K\u00e4stner \u2013 Vertr\u00e4ge, Honorare, Graphic Novelskaestner (at)&#8230;<\/p>\n","protected":false},"author":1,"featured_media":0,"parent":0,"menu_order":0,"comment_status":"closed","ping_status":"closed","template":"","meta":{"_kad_post_transparent":"","_kad_post_title":"","_kad_post_layout":"narrow","_kad_post_sidebar_id":"","_kad_post_content_style":"","_kad_post_vertical_padding":"","_kad_post_feature":"","_kad_post_feature_position":"","_kad_post_header":false,"_kad_post_footer":false,"footnotes":""},"class_list":["post-70","page","type-page","status-publish","hentry"],"_links":{"self":[{"href":"https:\/\/litag.de\/index.php?rest_route=\/wp\/v2\/pages\/70","targetHints":{"allow":["GET"]}}],"collection":[{"href":"https:\/\/litag.de\/index.php?rest_route=\/wp\/v2\/pages"}],"about":[{"href":"https:\/\/litag.de\/index.php?rest_route=\/wp\/v2\/types\/page"}],"author":[{"embeddable":true,"href":"https:\/\/litag.de\/index.php?rest_route=\/wp\/v2\/users\/1"}],"replies":[{"embeddable":true,"href":"https:\/\/litag.de\/index.php?rest_route=%2Fwp%2Fv2%2Fcomments&post=70"}],"version-history":[{"count":15,"href":"https:\/\/litag.de\/index.php?rest_route=\/wp\/v2\/pages\/70\/revisions"}],"predecessor-version":[{"id":605,"href":"https:\/\/litag.de\/index.php?rest_route=\/wp\/v2\/pages\/70\/revisions\/605"}],"wp:attachment":[{"href":"https:\/\/litag.de\/index.php?rest_route=%2Fwp%2Fv2%2Fmedia&parent=70"}],"curies":[{"name":"wp","href":"https:\/\/api.w.org\/{rel}","templated":true}]}}